{"id":26,"date":"2016-01-25T11:49:20","date_gmt":"2016-01-25T10:49:20","guid":{"rendered":"http:\/\/www.aboutpremiumcontent.com\/?page_id=26"},"modified":"2024-12-05T10:56:42","modified_gmt":"2024-12-05T09:56:42","slug":"terms-of-service","status":"publish","type":"page","link":"https:\/\/www.aboutpremiumcontent.com\/?page_id=26","title":{"rendered":"Terms of service"},"content":{"rendered":"<p><strong>Editeur<\/strong><\/p>\n<p>Vous \u00eates actuellement connect\u00e9(e) sur le site www.aboutpremiumcontent.com, \u00e9dit\u00e9 par la soci\u00e9t\u00e9 About Premium Content,&nbsp;26 rue Vignon, 75009 Paris, au capital de 93&nbsp;202.71\u20ac, inscrite au RCS Bobigny sous le num\u00e9ro 801&nbsp;524 851.<\/p>\n<p>&nbsp;<\/p>\n","protected":false},"excerpt":{"rendered":"<p>Editeur Vous \u00eates actuellement connect\u00e9(e) sur le site www.aboutpremiumcontent.com, \u00e9dit\u00e9 [&hellip;]<\/p>\n","protected":false},"author":1,"featured_media":0,"parent":0,"menu_order":0,"comment_status":"closed","ping_status":"closed","template":"rm-template-terms-of-service.php","meta":[],"yoast_head":"<!-- This site is optimized with the Yoast SEO plugin v19.10 - https:\/\/yoast.com\/wordpress\/plugins\/seo\/ -->\n<title>Terms of service - About Premium Content<\/title>\n<meta name=\"robots\" content=\"index, follow, max-snippet:-1, max-image-preview:large, max-video-preview:-1\" \/>\n<link rel=\"canonical\" href=\"https:\/\/www.aboutpremiumcontent.com\/?page_id=26\" \/>\n<meta property=\"og:locale\" content=\"en_US\" \/>\n<meta property=\"og:type\" content=\"article\" \/>\n<meta property=\"og:title\" content=\"Terms of service - About Premium Content\" \/>\n<meta property=\"og:description\" content=\"Editeur Vous \u00eates actuellement connect\u00e9(e) sur le site www.aboutpremiumcontent.com, \u00e9dit\u00e9 [&hellip;]\" \/>\n<meta property=\"og:url\" content=\"https:\/\/www.aboutpremiumcontent.com\/?page_id=26\" \/>\n<meta property=\"og:site_name\" content=\"About Premium Content\" \/>\n<meta property=\"article:modified_time\" content=\"2024-12-05T09:56:42+00:00\" \/>\n<meta name=\"twitter:card\" content=\"summary_large_image\" \/>\n<meta name=\"twitter:label1\" content=\"Est. reading time\" \/>\n\t<meta name=\"twitter:data1\" content=\"1 minute\" \/>\n<script type=\"application\/ld+json\" class=\"yoast-schema-graph\">{\"@context\":\"https:\/\/schema.org\",\"@graph\":[{\"@type\":\"WebPage\",\"@id\":\"https:\/\/www.aboutpremiumcontent.com\/?page_id=26\",\"url\":\"https:\/\/www.aboutpremiumcontent.com\/?page_id=26\",\"name\":\"Terms of service - About Premium Content\",\"isPartOf\":{\"@id\":\"https:\/\/www.aboutpremiumcontent.com\/#website\"},\"datePublished\":\"2016-01-25T10:49:20+00:00\",\"dateModified\":\"2024-12-05T09:56:42+00:00\",\"breadcrumb\":{\"@id\":\"https:\/\/www.aboutpremiumcontent.com\/?page_id=26#breadcrumb\"},\"inLanguage\":\"en-US\",\"potentialAction\":[{\"@type\":\"ReadAction\",\"target\":[\"https:\/\/www.aboutpremiumcontent.com\/?page_id=26\"]}]},{\"@type\":\"BreadcrumbList\",\"@id\":\"https:\/\/www.aboutpremiumcontent.com\/?page_id=26#breadcrumb\",\"itemListElement\":[{\"@type\":\"ListItem\",\"position\":1,\"name\":\"Home\",\"item\":\"https:\/\/www.aboutpremiumcontent.com\/\"},{\"@type\":\"ListItem\",\"position\":2,\"name\":\"Terms of service\"}]},{\"@type\":\"WebSite\",\"@id\":\"https:\/\/www.aboutpremiumcontent.com\/#website\",\"url\":\"https:\/\/www.aboutpremiumcontent.com\/\",\"name\":\"About Premium Content\",\"description\":\"\",\"potentialAction\":[{\"@type\":\"SearchAction\",\"target\":{\"@type\":\"EntryPoint\",\"urlTemplate\":\"https:\/\/www.aboutpremiumcontent.com\/?s={search_term_string}\"},\"query-input\":\"required name=search_term_string\"}],\"inLanguage\":\"en-US\"}]}<\/script>\n<!-- \/ Yoast SEO plugin. -->","yoast_head_json":{"title":"Terms of service - About Premium Content","robots":{"index":"index","follow":"follow","max-snippet":"max-snippet:-1","max-image-preview":"max-image-preview:large","max-video-preview":"max-video-preview:-1"},"canonical":"https:\/\/www.aboutpremiumcontent.com\/?page_id=26","og_locale":"en_US","og_type":"article","og_title":"Terms of service - About Premium Content","og_description":"Editeur Vous \u00eates actuellement connect\u00e9(e) sur le site www.aboutpremiumcontent.com, \u00e9dit\u00e9 [&hellip;]","og_url":"https:\/\/www.aboutpremiumcontent.com\/?page_id=26","og_site_name":"About Premium Content","article_modified_time":"2024-12-05T09:56:42+00:00","twitter_card":"summary_large_image","twitter_misc":{"Est. reading time":"1 minute"},"schema":{"@context":"https:\/\/schema.org","@graph":[{"@type":"WebPage","@id":"https:\/\/www.aboutpremiumcontent.com\/?page_id=26","url":"https:\/\/www.aboutpremiumcontent.com\/?page_id=26","name":"Terms of service - About Premium Content","isPartOf":{"@id":"https:\/\/www.aboutpremiumcontent.com\/#website"},"datePublished":"2016-01-25T10:49:20+00:00","dateModified":"2024-12-05T09:56:42+00:00","breadcrumb":{"@id":"https:\/\/www.aboutpremiumcontent.com\/?page_id=26#breadcrumb"},"inLanguage":"en-US","potentialAction":[{"@type":"ReadAction","target":["https:\/\/www.aboutpremiumcontent.com\/?page_id=26"]}]},{"@type":"BreadcrumbList","@id":"https:\/\/www.aboutpremiumcontent.com\/?page_id=26#breadcrumb","itemListElement":[{"@type":"ListItem","position":1,"name":"Home","item":"https:\/\/www.aboutpremiumcontent.com\/"},{"@type":"ListItem","position":2,"name":"Terms of service"}]},{"@type":"WebSite","@id":"https:\/\/www.aboutpremiumcontent.com\/#website","url":"https:\/\/www.aboutpremiumcontent.com\/","name":"About Premium Content","description":"","potentialAction":[{"@type":"SearchAction","target":{"@type":"EntryPoint","urlTemplate":"https:\/\/www.aboutpremiumcontent.com\/?s={search_term_string}"},"query-input":"required name=search_term_string"}],"inLanguage":"en-US"}]}},"_links":{"self":[{"href":"https:\/\/www.aboutpremiumcontent.com\/index.php?rest_route=\/wp\/v2\/pages\/26"}],"collection":[{"href":"https:\/\/www.aboutpremiumcontent.com\/index.php?rest_route=\/wp\/v2\/pages"}],"about":[{"href":"https:\/\/www.aboutpremiumcontent.com\/index.php?rest_route=\/wp\/v2\/types\/page"}],"author":[{"embeddable":true,"href":"https:\/\/www.aboutpremiumcontent.com\/index.php?rest_route=\/wp\/v2\/users\/1"}],"replies":[{"embeddable":true,"href":"https:\/\/www.aboutpremiumcontent.com\/index.php?rest_route=%2Fwp%2Fv2%2Fcomments&post=26"}],"version-history":[{"count":5,"href":"https:\/\/www.aboutpremiumcontent.com\/index.php?rest_route=\/wp\/v2\/pages\/26\/revisions"}],"predecessor-version":[{"id":3825,"href":"https:\/\/www.aboutpremiumcontent.com\/index.php?rest_route=\/wp\/v2\/pages\/26\/revisions\/3825"}],"wp:attachment":[{"href":"https:\/\/www.aboutpremiumcontent.com\/index.php?rest_route=%2Fwp%2Fv2%2Fmedia&parent=26"}],"curies":[{"name":"wp","href":"https:\/\/api.w.org\/{rel}","templated":true}]}}